{"id":84,"date":"2020-05-01T21:41:53","date_gmt":"2020-05-01T19:41:53","guid":{"rendered":"https:\/\/gilde.gruelfin.de\/?page_id=84"},"modified":"2020-06-25T16:47:49","modified_gmt":"2020-06-25T14:47:49","slug":"mitgliedschaft","status":"publish","type":"page","link":"https:\/\/hoerderschuetzen.de\/index.php\/mitgliedschaft\/","title":{"rendered":"Mitgliedschaft"},"content":{"rendered":"<h1>Erstkontakt &amp; Probezeit<\/h1>\n<p>Wenn Sie bereits Interesse haben, oder wir es wecken konnten, haben Sie bitte keine Scheu sich bei uns zu melden. (vorstand@hoerderschuetzen) Egal ob erfahrene\/r Wettkampfsch\u00fctz\/e\/in oder jemand der\/die noch nie geschossen hat. Wir zeigen Ihnen gerne unseren sch\u00f6nen Sport und die HBSG.<\/p>\n<p>Wir bitten Sie jedoch von spontanen Besuchen abzusehen, da wir durch Aufsichten und Leitungsarbeit w\u00e4hrend des Betriebs oft sehr besch\u00e4ftigt sind.<\/p>\n<h2>Mitgliedschaft<\/h2>\n<p>um aufgenommen zu werden m\u00fcssen Sie eine dreimonatige Anw\u00e4rterschaft akzeptieren, die dem gegenseitigen kennenlernen dient. Die Anw\u00e4rterschaft wird nach Ablauf der Frist in die ordentliche Mitgleidschaft umgewandelt.<\/p>\n","protected":false},"excerpt":{"rendered":"<p>Erstkontakt &amp; Probezeit Wenn Sie bereits Interesse haben, oder wir es wecken konnten, haben Sie bitte keine Scheu sich bei uns zu melden. (vorstand@hoerderschuetzen) Egal ob erfahrene\/r Wettkampfsch\u00fctz\/e\/in oder jemand der\/die noch nie geschossen hat. Wir zeigen Ihnen gerne unseren sch\u00f6nen Sport und die HBSG. Wir bitten Sie jedoch von spontanen Besuchen abzusehen, da wir<\/p><\/div>\n<div class=\"blog-btn\"><a href=\"https:\/\/hoerderschuetzen.de\/index.php\/mitgliedschaft\/\" class=\"home-blog-btn\">Weiterlesen<\/a><\/p>\n","protected":false},"author":1,"featured_media":0,"parent":0,"menu_order":0,"comment_status":"closed","ping_status":"closed","template":"template\/template-page-full-width.php","meta":{"footnotes":""},"class_list":["post-84","page","type-page","status-publish","hentry"],"_links":{"self":[{"href":"https:\/\/hoerderschuetzen.de\/index.php\/wp-json\/wp\/v2\/pages\/84","targetHints":{"allow":["GET"]}}],"collection":[{"href":"https:\/\/hoerderschuetzen.de\/index.php\/wp-json\/wp\/v2\/pages"}],"about":[{"href":"https:\/\/hoerderschuetzen.de\/index.php\/wp-json\/wp\/v2\/types\/page"}],"author":[{"embeddable":true,"href":"https:\/\/hoerderschuetzen.de\/index.php\/wp-json\/wp\/v2\/users\/1"}],"replies":[{"embeddable":true,"href":"https:\/\/hoerderschuetzen.de\/index.php\/wp-json\/wp\/v2\/comments?post=84"}],"version-history":[{"count":6,"href":"https:\/\/hoerderschuetzen.de\/index.php\/wp-json\/wp\/v2\/pages\/84\/revisions"}],"predecessor-version":[{"id":140,"href":"https:\/\/hoerderschuetzen.de\/index.php\/wp-json\/wp\/v2\/pages\/84\/revisions\/140"}],"wp:attachment":[{"href":"https:\/\/hoerderschuetzen.de\/index.php\/wp-json\/wp\/v2\/media?parent=84"}],"curies":[{"name":"wp","href":"https:\/\/api.w.org\/{rel}","templated":true}]}}